{"id":327,"date":"2012-09-28T07:15:09","date_gmt":"2012-09-28T07:15:09","guid":{"rendered":"http:\/\/www.prizba.net\/ljiljana\/?page_id=327"},"modified":"2020-09-08T16:45:36","modified_gmt":"2020-09-08T14:45:36","slug":"apartmani-korcula-apartmani-ljiljana-apartmani-prizba-priscapac","status":"publish","type":"page","link":"https:\/\/ljiljana.prizba.net\/hr\/","title":{"rendered":"Apartmani Kor\u010dula Apartmani Ljiljana Apartmani Pri\u017eba Pri\u0161\u0107apac"},"content":{"rendered":"<h1>Dobrodo\u0161li u apartmane Ljiljana u Pri\u017ebi, Pri\u0161\u0107apac, otok Kor\u010dula<\/h1>\n<h6>Apartmani Kor\u010dula privatni smje\u0161taj Kor\u010dula apartmani Pri\u017eba apartmani Pri\u0161\u0107apac apartmani uz pla\u017eu<\/h6>\n<p><a href=\"https:\/\/ljiljana.prizba.net\/hr\/apartmani-korcula-apartmani-ljiljana-apartmani-prizba-priscapac\/ljiljana-apartments-prizba-house-06-2020-03-2\/\"><img loading=\"lazy\" decoding=\"async\" class=\"alignleft wp-image-2052 size-medium\" title=\"Apartmani Pri\u017eba Pri\u0161\u0107apac Ljiljana apartmani Kor\u010dula uz pla\u017eu\" src=\"https:\/\/ljiljana.prizba.net\/wp-content\/uploads\/2020\/09\/ljiljana-apartments-prizba-house-06-2020-03-300x200.jpg\" alt=\"\" width=\"300\" height=\"200\" srcset=\"https:\/\/ljiljana.prizba.net\/wp-content\/uploads\/2020\/09\/ljiljana-apartments-prizba-house-06-2020-03-300x200.jpg 300w, https:\/\/ljiljana.prizba.net\/wp-content\/uploads\/2020\/09\/ljiljana-apartments-prizba-house-06-2020-03-1024x683.jpg 1024w, https:\/\/ljiljana.prizba.net\/wp-content\/uploads\/2020\/09\/ljiljana-apartments-prizba-house-06-2020-03-200x133.jpg 200w, https:\/\/ljiljana.prizba.net\/wp-content\/uploads\/2020\/09\/ljiljana-apartments-prizba-house-06-2020-03-768x512.jpg 768w, https:\/\/ljiljana.prizba.net\/wp-content\/uploads\/2020\/09\/ljiljana-apartments-prizba-house-06-2020-03.jpg 1140w\" sizes=\"(max-width: 300px) 100vw, 300px\" \/><\/a>Izuzetni apartmani smje\u0161teni na ju\u017enoj strani otoka Kor\u010dula. Jedinstvena priroda uvale Pri\u017eba obdarena slikovitim lancem uvalica, poluoto\u010di\u0107a i oto\u010di\u0107a, obala je i apartmani o kojima se mo\u017ee samo sanjati. Podijelite va\u0161e snove s nama. Otok Kor\u010dula pru\u017ea jedinstvene ljepote a na\u0161i apartmani udoban smje\u0161taj uz samo more u ljetovali\u0161tu Pri\u017eba.<\/p>\n\n\n<div style=\"height:24px\" aria-hidden=\"true\" class=\"wp-block-spacer\"><\/div>\n\n\n\n<div class=\"wp-block-group special-offers\"><div class=\"wp-block-group__inner-container is-layout-flow wp-block-group-is-layout-flow\">\n<h2 class=\"wp-block-heading\">Posebne ponude<\/h2>\n\n\n<ul class=\"wp-block-latest-posts__list wp-block-latest-posts\"><li><a class=\"wp-block-latest-posts__post-title\" href=\"https:\/\/ljiljana.prizba.net\/hr\/2012\/09\/momentalno-nema-posebnih-ponuda\/\">Momentalno nema posebnih ponuda<\/a><div class=\"wp-block-latest-posts__post-full-content\">Momentalno nemamo posebnih ponuda.\r\n\r\nIspunite formular na desnoj strani stranice ili na na\u0161oj kontakt stranici za rezervirati apartman, za informacije o raspolo\u017eivosti i druga pitanja. <!--more--><\/div><\/li>\n<\/ul><\/div><\/div>\n\n\n\n<div style=\"height:25px\" aria-hidden=\"true\" class=\"wp-block-spacer\"><\/div>\n\n\n\n<h2 class=\"wp-block-heading\">360 VIRTUALNA \u0160ETNJA APARTMANIMA LJILJANA<\/h2>\n\n\n\n<iframe loading=\"lazy\" style=\"clear: both; margin-left: 0px;\" src=\"https:\/\/www.andreisweb.com\/wp-content\/uploads\/2020\/04\/apartmentsljiljana\/index.html#ljiljanabeach01\" name=\"panorama\" width=\"100%\" height=\"480\" frameborder=\"0\" marginwidth=\"0\" marginheight=\"0\" scrolling=\"no\" allowfullscreen=\"allowfullscreen\"><\/iframe>\n\n\n\n<p>Apartmani se nalaze 10 metara od mora. Pla\u017ea je prostrana i okru\u017eena borovima koji osiguravaju ugodnu hladovinu.<\/p>\n\n\n\n<p>Uz pla\u017eu se tako\u0111er mo\u017ee privezati ve\u0107i ili manji \u010damac. Prostor je tako\u0111er prikladan za dr\u017eanje opreme za &#8220;windsurfing&#8221;. Na pla\u017ei je i tu\u0161.<\/p>\n\n\n<ul class=\"wp-block-latest-posts__list is-grid columns-2 wp-block-latest-posts\"><li><div class=\"wp-block-latest-posts__featured-image\"><img loading=\"lazy\" decoding=\"async\" width=\"300\" height=\"199\" src=\"https:\/\/ljiljana.prizba.net\/wp-content\/uploads\/2017\/07\/ljiljana-marrone-apartment-04-300x199.jpg\" class=\"attachment-medium size-medium wp-post-image\" alt=\"\" style=\"\" srcset=\"https:\/\/ljiljana.prizba.net\/wp-content\/uploads\/2017\/07\/ljiljana-marrone-apartment-04-300x199.jpg 300w, https:\/\/ljiljana.prizba.net\/wp-content\/uploads\/2017\/07\/ljiljana-marrone-apartment-04-200x132.jpg 200w, https:\/\/ljiljana.prizba.net\/wp-content\/uploads\/2017\/07\/ljiljana-marrone-apartment-04-768x509.jpg 768w, https:\/\/ljiljana.prizba.net\/wp-content\/uploads\/2017\/07\/ljiljana-marrone-apartment-04-1024x678.jpg 1024w, https:\/\/ljiljana.prizba.net\/wp-content\/uploads\/2017\/07\/ljiljana-marrone-apartment-04.jpg 1140w\" sizes=\"(max-width: 300px) 100vw, 300px\" \/><\/div><a class=\"wp-block-latest-posts__post-title\" href=\"https:\/\/ljiljana.prizba.net\/hr\/2017\/07\/maron-apartman\/\">Maron Apartman<\/a><div class=\"wp-block-latest-posts__post-excerpt\">Maron apartman je prikladan za 2+1 osoba. Apartman ima jednu spava\u0107u sobu s dvostrukim krevetom, kuhinju s kau\u010dem na razvla\u010denje, dvori\u0161te s pogledom na more.<\/div><\/li>\n<li><div class=\"wp-block-latest-posts__featured-image\"><img loading=\"lazy\" decoding=\"async\" width=\"300\" height=\"200\" src=\"https:\/\/ljiljana.prizba.net\/wp-content\/uploads\/2012\/09\/ljiljana-blue-apartment-livingroom-08-2023-pic-01-300x200.jpg\" class=\"attachment-medium size-medium wp-post-image\" alt=\"\" style=\"\" srcset=\"https:\/\/ljiljana.prizba.net\/wp-content\/uploads\/2012\/09\/ljiljana-blue-apartment-livingroom-08-2023-pic-01-300x200.jpg 300w, https:\/\/ljiljana.prizba.net\/wp-content\/uploads\/2012\/09\/ljiljana-blue-apartment-livingroom-08-2023-pic-01-1024x683.jpg 1024w, https:\/\/ljiljana.prizba.net\/wp-content\/uploads\/2012\/09\/ljiljana-blue-apartment-livingroom-08-2023-pic-01-200x133.jpg 200w, https:\/\/ljiljana.prizba.net\/wp-content\/uploads\/2012\/09\/ljiljana-blue-apartment-livingroom-08-2023-pic-01-768x512.jpg 768w, https:\/\/ljiljana.prizba.net\/wp-content\/uploads\/2012\/09\/ljiljana-blue-apartment-livingroom-08-2023-pic-01.jpg 1140w\" sizes=\"(max-width: 300px) 100vw, 300px\" \/><\/div><a class=\"wp-block-latest-posts__post-title\" href=\"https:\/\/ljiljana.prizba.net\/hr\/2012\/10\/apartmani-ljiljana-plavi-apartman\/\">Apartmani Ljiljana &#8211; Plavi Apartman<\/a><div class=\"wp-block-latest-posts__post-excerpt\">Apartman za 4+1 osobu. Apartman ima dvije spava\u0107e sobe s dvostrukim krevetima, prostranu dnevnu sobu s dva kau\u010da na razvla\u010denje, balkon s pogledom na more, dvori\u0161te s kaminom.<\/div><\/li>\n<li><div class=\"wp-block-latest-posts__featured-image\"><img loading=\"lazy\" decoding=\"async\" width=\"300\" height=\"199\" src=\"https:\/\/ljiljana.prizba.net\/wp-content\/uploads\/2012\/09\/ljiljana-white-apartment-livingroom-06-2018-02-300x199.jpg\" class=\"attachment-medium size-medium wp-post-image\" alt=\"\" style=\"\" srcset=\"https:\/\/ljiljana.prizba.net\/wp-content\/uploads\/2012\/09\/ljiljana-white-apartment-livingroom-06-2018-02-300x199.jpg 300w, https:\/\/ljiljana.prizba.net\/wp-content\/uploads\/2012\/09\/ljiljana-white-apartment-livingroom-06-2018-02-200x132.jpg 200w, https:\/\/ljiljana.prizba.net\/wp-content\/uploads\/2012\/09\/ljiljana-white-apartment-livingroom-06-2018-02-768x509.jpg 768w, https:\/\/ljiljana.prizba.net\/wp-content\/uploads\/2012\/09\/ljiljana-white-apartment-livingroom-06-2018-02-1024x678.jpg 1024w, https:\/\/ljiljana.prizba.net\/wp-content\/uploads\/2012\/09\/ljiljana-white-apartment-livingroom-06-2018-02.jpg 1140w\" sizes=\"(max-width: 300px) 100vw, 300px\" \/><\/div><a class=\"wp-block-latest-posts__post-title\" href=\"https:\/\/ljiljana.prizba.net\/hr\/2012\/10\/apartmani-ljiljana-bijeli-apartman\/\">Apartmani Ljiljana &#8211; Bijeli Apartman<\/a><div class=\"wp-block-latest-posts__post-excerpt\">Apartman za 2+2 osobe. Bijeli apartman ima jednu spava\u0107u sobu s dvostrukim krevetom, prostranu dnevnu sobu s dva kau\u010da na razvla\u010denje, balkon s pogledom na more.<\/div><\/li>\n<li><div class=\"wp-block-latest-posts__featured-image\"><img loading=\"lazy\" decoding=\"async\" width=\"300\" height=\"199\" src=\"https:\/\/ljiljana.prizba.net\/wp-content\/uploads\/2012\/09\/ljiljana-rose-apartment-terrace-09-2019-pic-01-300x199.jpg\" class=\"attachment-medium size-medium wp-post-image\" alt=\"\" style=\"\" srcset=\"https:\/\/ljiljana.prizba.net\/wp-content\/uploads\/2012\/09\/ljiljana-rose-apartment-terrace-09-2019-pic-01-300x199.jpg 300w, https:\/\/ljiljana.prizba.net\/wp-content\/uploads\/2012\/09\/ljiljana-rose-apartment-terrace-09-2019-pic-01-1024x678.jpg 1024w, https:\/\/ljiljana.prizba.net\/wp-content\/uploads\/2012\/09\/ljiljana-rose-apartment-terrace-09-2019-pic-01-200x132.jpg 200w, https:\/\/ljiljana.prizba.net\/wp-content\/uploads\/2012\/09\/ljiljana-rose-apartment-terrace-09-2019-pic-01-768x509.jpg 768w, https:\/\/ljiljana.prizba.net\/wp-content\/uploads\/2012\/09\/ljiljana-rose-apartment-terrace-09-2019-pic-01.jpg 1140w\" sizes=\"(max-width: 300px) 100vw, 300px\" \/><\/div><a class=\"wp-block-latest-posts__post-title\" href=\"https:\/\/ljiljana.prizba.net\/hr\/2012\/10\/apartmani-ljiljana-roza-apartman\/\">Apartmani Ljiljana &#8211; Roza apartman<\/a><div class=\"wp-block-latest-posts__post-excerpt\">Roza apartman je prikladan za 2+1 osobu. Apartman ima jednu spava\u0107u sobu s dvostrukim krevetom, prostranu dnevnu sobu s kau\u010dem na razvla\u010denje, lijepi balkon s pogledom na more.<\/div><\/li>\n<\/ul>\n\n\n<p>Rezervirajte apartman Ljiljana u Pri\u017ebi, Pri\u0161\u0107apac, Kor\u010dula, a mi &nbsp;\u0107emo u\u010diniti sve da va\u0161 boravak na otoku Kor\u010dula u na\u0161im apartmanima bude ugodan i nezaboravan.<\/p>\n","protected":false},"excerpt":{"rendered":"<p>Dobrodo\u0161li u apartmane Ljiljana u Pri\u017ebi, Pri\u0161\u0107apac, otok Kor\u010dula Apartmani Kor\u010dula privatni smje\u0161taj Kor\u010dula apartmani Pri\u017eba apartmani Pri\u0161\u0107apac apartmani uz pla\u017eu Izuzetni apartmani smje\u0161teni na ju\u017enoj strani otoka Kor\u010dula. Jedinstvena priroda uvale Pri\u017eba obdarena slikovitim lancem uvalica, poluoto\u010di\u0107a i oto\u010di\u0107a, obala je i apartmani o kojima se mo\u017ee samo sanjati. Podijelite va\u0161e snove s nama. [&hellip;]<\/p>\n","protected":false},"author":1,"featured_media":0,"parent":0,"menu_order":0,"comment_status":"closed","ping_status":"open","template":"","meta":{"footnotes":""},"_links":{"self":[{"href":"https:\/\/ljiljana.prizba.net\/hr\/wp-json\/wp\/v2\/pages\/327"}],"collection":[{"href":"https:\/\/ljiljana.prizba.net\/hr\/wp-json\/wp\/v2\/pages"}],"about":[{"href":"https:\/\/ljiljana.prizba.net\/hr\/wp-json\/wp\/v2\/types\/page"}],"author":[{"embeddable":true,"href":"https:\/\/ljiljana.prizba.net\/hr\/wp-json\/wp\/v2\/users\/1"}],"replies":[{"embeddable":true,"href":"https:\/\/ljiljana.prizba.net\/hr\/wp-json\/wp\/v2\/comments?post=327"}],"version-history":[{"count":7,"href":"https:\/\/ljiljana.prizba.net\/hr\/wp-json\/wp\/v2\/pages\/327\/revisions"}],"predecessor-version":[{"id":2148,"href":"https:\/\/ljiljana.prizba.net\/hr\/wp-json\/wp\/v2\/pages\/327\/revisions\/2148"}],"wp:attachment":[{"href":"https:\/\/ljiljana.prizba.net\/hr\/wp-json\/wp\/v2\/media?parent=327"}],"curies":[{"name":"wp","href":"https:\/\/api.w.org\/{rel}","templated":true}]}}