{"id":426,"date":"2012-10-10T11:25:01","date_gmt":"2012-10-10T11:25:01","guid":{"rendered":"http:\/\/www.prizba.net\/ljiljana\/?page_id=426"},"modified":"2020-09-08T16:46:02","modified_gmt":"2020-09-08T14:46:02","slug":"apartmaji-korcula-apartmaji-ljiljana-apartmaji-prizba","status":"publish","type":"page","link":"https:\/\/ljiljana.prizba.net\/sl\/","title":{"rendered":"Apartmaji Kor\u010dula Apartmaji Ljiljana Apartmaji Pri\u017eba"},"content":{"rendered":"<h1>Dobrodo\u0161li v apartmaje Ljiljana v Pri\u017ebi, Pri\u0161\u0107apac, otok Kor\u010dula<\/h1>\n<h6>Apartmaji Kor\u010dula Privatna namestitev Kor\u010dula Apartmaji Pri\u017eba Apartmaji Pri\u0161\u0107apac apartmaji ob morju apartmaji ob pla\u017ei<\/h6>\n<p><a href=\"https:\/\/ljiljana.prizba.net\/sl\/apartmaji-korcula-apartmaji-ljiljana-apartmaji-prizba\/ljiljana-apartments-prizba-house-06-2020-03-2\/\"><img loading=\"lazy\" decoding=\"async\" class=\"alignleft wp-image-2053 size-medium\" title=\"Apartmaji Ljiljana ob pla\u017ei Pri\u017eba Pri\u0161\u0107apac otok Kor\u010dula\" src=\"https:\/\/ljiljana.prizba.net\/wp-content\/uploads\/2020\/09\/ljiljana-apartments-prizba-house-06-2020-03-300x200.jpg\" alt=\"\" width=\"300\" height=\"200\" srcset=\"https:\/\/ljiljana.prizba.net\/wp-content\/uploads\/2020\/09\/ljiljana-apartments-prizba-house-06-2020-03-300x200.jpg 300w, https:\/\/ljiljana.prizba.net\/wp-content\/uploads\/2020\/09\/ljiljana-apartments-prizba-house-06-2020-03-1024x683.jpg 1024w, https:\/\/ljiljana.prizba.net\/wp-content\/uploads\/2020\/09\/ljiljana-apartments-prizba-house-06-2020-03-200x133.jpg 200w, https:\/\/ljiljana.prizba.net\/wp-content\/uploads\/2020\/09\/ljiljana-apartments-prizba-house-06-2020-03-768x512.jpg 768w, https:\/\/ljiljana.prizba.net\/wp-content\/uploads\/2020\/09\/ljiljana-apartments-prizba-house-06-2020-03.jpg 1140w\" sizes=\"(max-width: 300px) 100vw, 300px\" \/><\/a>Na\u0161i izjemni apartmaji se nahajajo na ju\u017eni strani otoka Kor\u010dula. Obala letovi\u0161\u0107a Pri\u017eba s svojo edinstveno verigo zalivov, polotokov in oto\u010dkov je mesti, ki si ga je mo\u010d zamisliti le v sanjah.<\/p>\n<p>Delite svoje sanje z nami in do\u017eivite popolno sprostitev telesa in duha.<\/p>\n\n\n<div style=\"height:25px\" aria-hidden=\"true\" class=\"wp-block-spacer\"><\/div>\n\n\n\n<div class=\"wp-block-group special-offers\"><div class=\"wp-block-group__inner-container is-layout-flow wp-block-group-is-layout-flow\">\n<h2 class=\"wp-block-heading\">Zasebne ponudbe<\/h2>\n\n\n<ul class=\"wp-block-latest-posts__list wp-block-latest-posts\"><li><a class=\"wp-block-latest-posts__post-title\" href=\"https:\/\/ljiljana.prizba.net\/sl\/2012\/10\/momentalno-nima-zasebnih-ponudb\/\">Momentalno nima zasebnih ponudb<\/a><\/li>\n<\/ul><\/div><\/div>\n\n\n\n<div style=\"height:25px\" aria-hidden=\"true\" class=\"wp-block-spacer\"><\/div>\n\n\n\n<h2 class=\"wp-block-heading\">360 VIRTUALNA \u0160ETNJA &#8211; APARTMAJI LJILJANA<\/h2>\n\n\n\n<iframe loading=\"lazy\" style=\"clear: both; margin-left: 0px;\" src=\"https:\/\/www.andreisweb.com\/wp-content\/uploads\/2020\/04\/apartmentsljiljana\/index.html#ljiljanabeach01\" name=\"panorama\" width=\"100%\" height=\"480\" frameborder=\"0\" marginwidth=\"0\" marginheight=\"0\" scrolling=\"no\" allowfullscreen=\"allowfullscreen\"><\/iframe>\n\n\n\n<p>Hi\u0161a je od morja oddaljena 10 metrov, stopnice pa iz apartmajev vodijo neposredno na betonsko pla\u017eo, na kateri je dovolj prostora tako za son\u010denje, kot tudi za po\u017eitek v globoki senci borovcev.<\/p>\n\n\n\n<p>Pla\u017ea je primerna tudi za shranjevanje opreme za surfanje ter manj\u0161ih ali ve\u010djih \u010dolnov.<\/p>\n\n\n<ul class=\"wp-block-latest-posts__list is-grid columns-2 wp-block-latest-posts\"><li><div class=\"wp-block-latest-posts__featured-image\"><img loading=\"lazy\" decoding=\"async\" width=\"300\" height=\"199\" src=\"https:\/\/ljiljana.prizba.net\/wp-content\/uploads\/2017\/07\/ljiljana-marrone-apartment-04-300x199.jpg\" class=\"attachment-medium size-medium wp-post-image\" alt=\"\" style=\"\" srcset=\"https:\/\/ljiljana.prizba.net\/wp-content\/uploads\/2017\/07\/ljiljana-marrone-apartment-04-300x199.jpg 300w, https:\/\/ljiljana.prizba.net\/wp-content\/uploads\/2017\/07\/ljiljana-marrone-apartment-04-200x132.jpg 200w, https:\/\/ljiljana.prizba.net\/wp-content\/uploads\/2017\/07\/ljiljana-marrone-apartment-04-768x509.jpg 768w, https:\/\/ljiljana.prizba.net\/wp-content\/uploads\/2017\/07\/ljiljana-marrone-apartment-04-1024x678.jpg 1024w, https:\/\/ljiljana.prizba.net\/wp-content\/uploads\/2017\/07\/ljiljana-marrone-apartment-04.jpg 1140w\" sizes=\"(max-width: 300px) 100vw, 300px\" \/><\/div><a class=\"wp-block-latest-posts__post-title\" href=\"https:\/\/ljiljana.prizba.net\/sl\/2017\/07\/maron-apartma\/\">Maron Apartma<\/a><div class=\"wp-block-latest-posts__post-excerpt\">Maron apartma ima eno spalnico in kuhinjo. Lahko sprejme 2+1 gostov.<\/div><\/li>\n<li><div class=\"wp-block-latest-posts__featured-image\"><img loading=\"lazy\" decoding=\"async\" width=\"300\" height=\"199\" src=\"https:\/\/ljiljana.prizba.net\/wp-content\/uploads\/2012\/09\/ljiljana-white-apartment-livingroom-06-2018-02-300x199.jpg\" class=\"attachment-medium size-medium wp-post-image\" alt=\"\" style=\"\" srcset=\"https:\/\/ljiljana.prizba.net\/wp-content\/uploads\/2012\/09\/ljiljana-white-apartment-livingroom-06-2018-02-300x199.jpg 300w, https:\/\/ljiljana.prizba.net\/wp-content\/uploads\/2012\/09\/ljiljana-white-apartment-livingroom-06-2018-02-200x132.jpg 200w, https:\/\/ljiljana.prizba.net\/wp-content\/uploads\/2012\/09\/ljiljana-white-apartment-livingroom-06-2018-02-768x509.jpg 768w, https:\/\/ljiljana.prizba.net\/wp-content\/uploads\/2012\/09\/ljiljana-white-apartment-livingroom-06-2018-02-1024x678.jpg 1024w, https:\/\/ljiljana.prizba.net\/wp-content\/uploads\/2012\/09\/ljiljana-white-apartment-livingroom-06-2018-02.jpg 1140w\" sizes=\"(max-width: 300px) 100vw, 300px\" \/><\/div><a class=\"wp-block-latest-posts__post-title\" href=\"https:\/\/ljiljana.prizba.net\/sl\/2012\/10\/beli-apartma\/\">Apartmaji Ljiljana &#8211; Beli Apartma<\/a><div class=\"wp-block-latest-posts__post-excerpt\">Beli apartma ima eno spalnico in dnevno sobo. Lahko sprejme 2-4 gostov.<\/div><\/li>\n<li><div class=\"wp-block-latest-posts__featured-image\"><img loading=\"lazy\" decoding=\"async\" width=\"300\" height=\"199\" src=\"https:\/\/ljiljana.prizba.net\/wp-content\/uploads\/2012\/09\/ljiljana-rose-apartment-terrace-09-2019-pic-01-300x199.jpg\" class=\"attachment-medium size-medium wp-post-image\" alt=\"\" style=\"\" srcset=\"https:\/\/ljiljana.prizba.net\/wp-content\/uploads\/2012\/09\/ljiljana-rose-apartment-terrace-09-2019-pic-01-300x199.jpg 300w, https:\/\/ljiljana.prizba.net\/wp-content\/uploads\/2012\/09\/ljiljana-rose-apartment-terrace-09-2019-pic-01-1024x678.jpg 1024w, https:\/\/ljiljana.prizba.net\/wp-content\/uploads\/2012\/09\/ljiljana-rose-apartment-terrace-09-2019-pic-01-200x132.jpg 200w, https:\/\/ljiljana.prizba.net\/wp-content\/uploads\/2012\/09\/ljiljana-rose-apartment-terrace-09-2019-pic-01-768x509.jpg 768w, https:\/\/ljiljana.prizba.net\/wp-content\/uploads\/2012\/09\/ljiljana-rose-apartment-terrace-09-2019-pic-01.jpg 1140w\" sizes=\"(max-width: 300px) 100vw, 300px\" \/><\/div><a class=\"wp-block-latest-posts__post-title\" href=\"https:\/\/ljiljana.prizba.net\/sl\/2012\/10\/apartmaji-ljilljana-roznati-apartma\/\">Apartmaji Ljilljana Ro\u017enati Apartma<\/a><div class=\"wp-block-latest-posts__post-excerpt\">Ro\u017enati apartma ima eno spalnico in dnevno sobo. Lahko sprejme 2-3 gostov.<\/div><\/li>\n<li><div class=\"wp-block-latest-posts__featured-image\"><img loading=\"lazy\" decoding=\"async\" width=\"300\" height=\"200\" src=\"https:\/\/ljiljana.prizba.net\/wp-content\/uploads\/2012\/09\/ljiljana-blue-apartment-livingroom-08-2023-pic-01-300x200.jpg\" class=\"attachment-medium size-medium wp-post-image\" alt=\"\" style=\"\" srcset=\"https:\/\/ljiljana.prizba.net\/wp-content\/uploads\/2012\/09\/ljiljana-blue-apartment-livingroom-08-2023-pic-01-300x200.jpg 300w, https:\/\/ljiljana.prizba.net\/wp-content\/uploads\/2012\/09\/ljiljana-blue-apartment-livingroom-08-2023-pic-01-1024x683.jpg 1024w, https:\/\/ljiljana.prizba.net\/wp-content\/uploads\/2012\/09\/ljiljana-blue-apartment-livingroom-08-2023-pic-01-200x133.jpg 200w, https:\/\/ljiljana.prizba.net\/wp-content\/uploads\/2012\/09\/ljiljana-blue-apartment-livingroom-08-2023-pic-01-768x512.jpg 768w, https:\/\/ljiljana.prizba.net\/wp-content\/uploads\/2012\/09\/ljiljana-blue-apartment-livingroom-08-2023-pic-01.jpg 1140w\" sizes=\"(max-width: 300px) 100vw, 300px\" \/><\/div><a class=\"wp-block-latest-posts__post-title\" href=\"https:\/\/ljiljana.prizba.net\/sl\/2012\/10\/apartmaji-ljiljana-modri-apartma\/\">Apartmaji Ljiljana Modri Apartma<\/a><div class=\"wp-block-latest-posts__post-excerpt\">Modri apartma je dvosobno stanovanje (dve spalnici) z veliko dnevno sobo. Lahko sprejme 4-5 gostov.<\/div><\/li>\n<\/ul>\n\n\n<p>S tem, kakor tudi z drugimi aktivnostmi si bomo v skladu z na\u0161o dvajsetletno tradicijo prizadevali izpolniti va\u0161e \u017eelje in vas kar najbolj zadovoljiti.<\/p>\n","protected":false},"excerpt":{"rendered":"<p>Dobrodo\u0161li v apartmaje Ljiljana v Pri\u017ebi, Pri\u0161\u0107apac, otok Kor\u010dula Apartmaji Kor\u010dula Privatna namestitev Kor\u010dula Apartmaji Pri\u017eba Apartmaji Pri\u0161\u0107apac apartmaji ob morju apartmaji ob pla\u017ei Na\u0161i izjemni apartmaji se nahajajo na ju\u017eni strani otoka Kor\u010dula. Obala letovi\u0161\u0107a Pri\u017eba s svojo edinstveno verigo zalivov, polotokov in oto\u010dkov je mesti, ki si ga je mo\u010d zamisliti le v [&hellip;]<\/p>\n","protected":false},"author":1,"featured_media":0,"parent":0,"menu_order":0,"comment_status":"closed","ping_status":"open","template":"","meta":{"footnotes":""},"_links":{"self":[{"href":"https:\/\/ljiljana.prizba.net\/sl\/wp-json\/wp\/v2\/pages\/426"}],"collection":[{"href":"https:\/\/ljiljana.prizba.net\/sl\/wp-json\/wp\/v2\/pages"}],"about":[{"href":"https:\/\/ljiljana.prizba.net\/sl\/wp-json\/wp\/v2\/types\/page"}],"author":[{"embeddable":true,"href":"https:\/\/ljiljana.prizba.net\/sl\/wp-json\/wp\/v2\/users\/1"}],"replies":[{"embeddable":true,"href":"https:\/\/ljiljana.prizba.net\/sl\/wp-json\/wp\/v2\/comments?post=426"}],"version-history":[{"count":4,"href":"https:\/\/ljiljana.prizba.net\/sl\/wp-json\/wp\/v2\/pages\/426\/revisions"}],"predecessor-version":[{"id":2149,"href":"https:\/\/ljiljana.prizba.net\/sl\/wp-json\/wp\/v2\/pages\/426\/revisions\/2149"}],"wp:attachment":[{"href":"https:\/\/ljiljana.prizba.net\/sl\/wp-json\/wp\/v2\/media?parent=426"}],"curies":[{"name":"wp","href":"https:\/\/api.w.org\/{rel}","templated":true}]}}