{"id":498,"date":"2012-10-11T09:36:56","date_gmt":"2012-10-11T09:36:56","guid":{"rendered":"http:\/\/www.prizba.net\/ljiljana\/?page_id=498"},"modified":"2020-09-08T11:20:58","modified_gmt":"2020-09-08T09:20:58","slug":"apartmaji-ljiljana-kontaktni-obrazec","status":"publish","type":"page","link":"https:\/\/ljiljana.prizba.net\/sl\/apartmaji-ljiljana-kontaktni-obrazec\/","title":{"rendered":"Apartmaji Ljiljana &#8211; Kontaktni Obrazec"},"content":{"rendered":"<h1>Apartmaji Ljiljana &#8211; kontaktni obrazec<\/h1>\n<p>Ljiljana Andreis Far\u010di\u0107<\/p>\n<p>Apartmaji Ljiljana, Pri\u0161\u0107apac 10, Pri\u017eba, otok Kor\u010dula<\/p>\n<p>e-mail: <a href=\"mailto:andreisljiljana@gmail.com?subject=Apartmaji Ljiljana kontakt\">andreisljiljana@gmail.com<\/a><\/p>\n<p>tel: +385 20 861 179<\/p>\n<p>mob: +385 98 904 7289<\/p>\n<p>Lahko nas kontaktirate tudi tako, da izpolite kontaktni obrazec, vendar bodite pozorni da vnesete prave podatke, da vas bomo lahko kontaktirali nazaj.<\/p>\n<div id=\"booking\">\n<div class=\"wpcf7 no-js\" id=\"wpcf7-f499-o1\" lang=\"en-US\" dir=\"ltr\">\n<div class=\"screen-reader-response\"><p role=\"status\" aria-live=\"polite\" aria-atomic=\"true\"><\/p> <ul><\/ul><\/div>\n<form action=\"\/sl\/wp-json\/wp\/v2\/pages\/498#wpcf7-f499-o1\" method=\"post\" class=\"wpcf7-form init\" aria-label=\"Contact form\" novalidate=\"novalidate\" data-status=\"init\">\n<div style=\"display: none;\">\n<input type=\"hidden\" name=\"_wpcf7\" value=\"499\" \/>\n<input type=\"hidden\" name=\"_wpcf7_version\" value=\"5.8.4\" \/>\n<input type=\"hidden\" name=\"_wpcf7_locale\" value=\"en_US\" \/>\n<input type=\"hidden\" name=\"_wpcf7_unit_tag\" value=\"wpcf7-f499-o1\" \/>\n<input type=\"hidden\" name=\"_wpcf7_container_post\" value=\"0\" \/>\n<input type=\"hidden\" name=\"_wpcf7_posted_data_hash\" value=\"\" \/>\n<\/div>\n<p>Va\u0161e ime (obavezno)\n<\/p>\n<p><span class=\"wpcf7-form-control-wrap\" data-name=\"your-name\"><input size=\"40\" class=\"wpcf7-form-control wpcf7-text wpcf7-validates-as-required\" aria-required=\"true\" aria-invalid=\"false\" value=\"\" type=\"text\" name=\"your-name\" \/><\/span>\n<\/p>\n<p>Va\u0161a e-mail adresa (obavezno)\n<\/p>\n<p><span class=\"wpcf7-form-control-wrap\" data-name=\"your-email\"><input size=\"40\" class=\"wpcf7-form-control wpcf7-email wpcf7-validates-as-required wpcf7-text wpcf7-validates-as-email\" aria-required=\"true\" aria-invalid=\"false\" value=\"\" type=\"email\" name=\"your-email\" \/><\/span>\n<\/p>\n<p>Prihod\n<\/p>\n<p><span class=\"wpcf7-form-control-wrap\" data-name=\"text-arrival\"><input size=\"40\" class=\"wpcf7-form-control wpcf7-text datepicker\" aria-invalid=\"false\" value=\"\" type=\"text\" name=\"text-arrival\" \/><\/span>\n<\/p>\n<p>Ohod\n<\/p>\n<p><span class=\"wpcf7-form-control-wrap\" data-name=\"text-departure\"><input size=\"40\" class=\"wpcf7-form-control wpcf7-text datepicker\" aria-invalid=\"false\" value=\"\" type=\"text\" name=\"text-departure\" \/><\/span>\n<\/p>\n<p>Odraslih\n<\/p>\n<p><span class=\"wpcf7-form-control-wrap\" data-name=\"adults\"><input size=\"40\" class=\"wpcf7-form-control wpcf7-text\" aria-invalid=\"false\" value=\"\" type=\"text\" name=\"adults\" \/><\/span>\n<\/p>\n<p>Otrok\n<\/p>\n<p><span class=\"wpcf7-form-control-wrap\" data-name=\"children\"><input size=\"40\" class=\"wpcf7-form-control wpcf7-text\" aria-invalid=\"false\" value=\"\" type=\"text\" name=\"children\" \/><\/span>\n<\/p>\n<p>Vpra\u0161anja\n<\/p>\n<p><span class=\"wpcf7-form-control-wrap\" data-name=\"your-message\"><textarea cols=\"80\" rows=\"10\" class=\"wpcf7-form-control wpcf7-textarea\" aria-invalid=\"false\" name=\"your-message\"><\/textarea><\/span>\n<\/p>\n<p><input class=\"wpcf7-form-control wpcf7-submit has-spinner\" type=\"submit\" value=\"Po\u0161lji\" \/>\n<\/p><p style=\"display: none !important;\"><label>&#916;<textarea name=\"_wpcf7_ak_hp_textarea\" cols=\"45\" rows=\"8\" maxlength=\"100\"><\/textarea><\/label><input type=\"hidden\" id=\"ak_js_1\" name=\"_wpcf7_ak_js\" value=\"222\"\/><script>document.getElementById( \"ak_js_1\" ).setAttribute( \"value\", ( new Date() ).getTime() );<\/script><\/p><div class=\"wpcf7-response-output\" aria-hidden=\"true\"><\/div>\n<\/form>\n<\/div>\n<\/div>\n<div><\/div>\n<div><\/div>\n","protected":false},"excerpt":{"rendered":"<p>Apartmaji Ljiljana &#8211; kontaktni obrazec Ljiljana Andreis Far\u010di\u0107 Apartmaji Ljiljana, Pri\u0161\u0107apac 10, Pri\u017eba, otok Kor\u010dula e-mail: andreisljiljana@gmail.com tel: +385 20 861 179 mob: +385 98 904 7289 Lahko nas kontaktirate tudi tako, da izpolite kontaktni obrazec, vendar bodite pozorni da vnesete prave podatke, da vas bomo lahko kontaktirali nazaj.<\/p>\n","protected":false},"author":1,"featured_media":0,"parent":0,"menu_order":0,"comment_status":"closed","ping_status":"open","template":"","meta":{"footnotes":""},"_links":{"self":[{"href":"https:\/\/ljiljana.prizba.net\/sl\/wp-json\/wp\/v2\/pages\/498"}],"collection":[{"href":"https:\/\/ljiljana.prizba.net\/sl\/wp-json\/wp\/v2\/pages"}],"about":[{"href":"https:\/\/ljiljana.prizba.net\/sl\/wp-json\/wp\/v2\/types\/page"}],"author":[{"embeddable":true,"href":"https:\/\/ljiljana.prizba.net\/sl\/wp-json\/wp\/v2\/users\/1"}],"replies":[{"embeddable":true,"href":"https:\/\/ljiljana.prizba.net\/sl\/wp-json\/wp\/v2\/comments?post=498"}],"version-history":[{"count":1,"href":"https:\/\/ljiljana.prizba.net\/sl\/wp-json\/wp\/v2\/pages\/498\/revisions"}],"predecessor-version":[{"id":2088,"href":"https:\/\/ljiljana.prizba.net\/sl\/wp-json\/wp\/v2\/pages\/498\/revisions\/2088"}],"wp:attachment":[{"href":"https:\/\/ljiljana.prizba.net\/sl\/wp-json\/wp\/v2\/media?parent=498"}],"curies":[{"name":"wp","href":"https:\/\/api.w.org\/{rel}","templated":true}]}}